 {"id":5062,"date":"2021-09-04T19:01:48","date_gmt":"2021-09-04T19:01:48","guid":{"rendered":"https:\/\/carapellibe.devf6.es\/politica-de-cookies\/"},"modified":"2022-05-05T07:00:58","modified_gmt":"2022-05-05T07:00:58","slug":"cookies","status":"publish","type":"page","link":"https:\/\/carapelli.be\/fr\/cookies\/","title":{"rendered":"Politique en mati\u00e8re de cookies"},"content":{"rendered":"<div class=\"vc_row wpb_row vc_row-fluid block contenedor cont-tipo-texto cont-tipo-texto_cookies vc_custom_1526918401034\">\n<div class=\"vc_col-sm-12 wpb_column vc_column_container\">\n<div class=\"wpb_wrapper\">\n<div class=\"wpb_text_column wpb_content_element \">\n<div class=\"wpb_wrapper\">\n<h1>Politique en mati\u00e8re de cookies<\/h1>\n<\/div>\n<\/div>\n<\/div>\n<\/div>\n<\/div>\n<p>Vous trouverez ci-dessous notre <strong>politique en mati\u00e8re de cookies<\/strong> (ci-apr\u00e8s, <strong><em>\u00ab\u00a0politique en mati\u00e8re de cookies\u00a0\u00bb<\/em><\/strong> ou <strong><em>\u00ab\u00a0politique\u00a0\u00bb<\/em><\/strong>) qui r\u00e9git la plateforme web https:\/\/carapelli.be\/\u00a0 (ci-apr\u00e8s, <strong><em>\u00ab\u00a0la Plateforme\u00a0\u00bb<\/em><\/strong>), propri\u00e9t\u00e9 de <strong>DEOLEO GLOBAL, S.A.U.<\/strong> (ci-apr\u00e8s, <strong><em>\u00ab\u00a0DEOLEO\u00a0\u00bb <\/em><\/strong><em>ou<strong> \u00ab\u00a0nous\u00a0\u00bb<\/strong><\/em>)<strong>,<\/strong> Soci\u00e9t\u00e9 dont le si\u00e8ge principal est fix\u00e9 \u00e0 Rivas-Vaciamadrid (Madrid), calle Marie Curie, 7, Edificio Beta (Parque Empresarial Rivas Futura), titulaire du Num\u00e9ro d\u2019Identification Fiscal A-88465802, immatricul\u00e9e au Registre du Commerce et des Soci\u00e9t\u00e9s de Cordoue, Volume 2\u00a0702, folio 81, page CO-40\u00a0600.<\/p>\n<p><strong>VEUILLEZ CONSACRER QUELQUES MINUTES \u00c0 LA LECTURE DE NOTRE POLITIQUE EN MATI\u00c8RE DE COOKIES\u00a0; CELA NE DEVRAIT PAS PRENDRE BEAUCOUP DE TEMPS. AVEC LA POLITIQUE EN MATI\u00c8RE DE COOKIES SUSMENTIONN\u00c9E, NOUS SOUHAITONS EXPLIQUER <u>DE MANI\u00c8RE SIMPLE, CLAIRE ET TRANSPARENTE<\/u> COMMENT NOUS TRAITONS ET PROT\u00c9GEONS VOS INFORMATIONS \u00c0 CARACT\u00c8RE PERSONNEL ET VOS DROITS. <u>VOTRE S\u00c9CURIT\u00c9 ET CELLE DE VOS DONN\u00c9ES \u00c0 CARACT\u00c8RE PERSONNEL SONT PRIMORDIALES POUR DEOLEO ET NOUS PRENONS LEUR PROTECTION TR\u00c8S AU S\u00c9RIEUX.<\/u><\/strong><\/p>\n<p><strong>NOUS VOUS RECOMMANDONS \u00c9GALEMENT DE LIRE ATTENTIVEMENT NOTRE <\/strong><strong>POLITIQUE DE CONFIDENTIALIT\u00c9 SUR INTERNET<\/strong><strong>.<\/strong><\/p>\n<ol>\n<li><strong><em>\u00c0 QUI CETTE POLITIQUE S\u2019APPLIQUE-T-ELLE ?<\/em><\/strong><\/li>\n<\/ol>\n<p>&nbsp;<\/p>\n<p>Cette politique est applicable \u00e0 <strong>tous les utilisateurs de la Plateforme<\/strong> (ci-apr\u00e8s, indistinctement, \u00ab\u00a0<strong><em>utilisateur<\/em><\/strong>\u00a0\u00bb ou \u00ab\u00a0<strong><em>utilisateurs<\/em><\/strong>\u00a0\u00bb) qui sont consid\u00e9r\u00e9s comme des personnes physiques, qu\u2019ils soient clients de DEOLEO ou non.<\/p>\n<p>&nbsp;<\/p>\n<ol start=\"2\">\n<li><strong><em>LA PLATEFORME UTILISE-T-ELLE DES COOKIES\u00a0? QU\u2019EST-CE QUE C\u2019EST\u00a0?<\/em><\/strong><\/li>\n<\/ol>\n<p><em>\u00a0<\/em><\/p>\n<p>La Plateforme utilise des cookies. Les cookies sont de petits fichiers ou dispositifs qui sont t\u00e9l\u00e9charg\u00e9s et stock\u00e9s sur votre terminal (c\u2019est-\u00e0-dire l\u2019appareil \u00e0 partir duquel vous acc\u00e9dez \u00e0 la Plateforme\u00a0: ordinateur, t\u00e9l\u00e9phone portable, tablette ou tout autre appareil connect\u00e9) et permettent \u00e0 la Plateforme ou au site web de se souvenir des informations relatives \u00e0 votre visite. D\u2019une mani\u00e8re g\u00e9n\u00e9rale, il existe diff\u00e9rents types de cookies qui fonctionnent selon des param\u00e8tres diff\u00e9rents.<\/p>\n<p><strong><em>2.1. \u00a0\u00a0\u00a0\u00a0\u00a0 Selon l\u2019entit\u00e9 qui g\u00e8re l\u2019ordinateur ou le domaine qui envoie les cookies et traite les informations obtenues, nous pouvons identifier\u00a0:<\/em><\/strong><\/p>\n<p><strong><em>\u00a0<\/em><\/strong><\/p>\n<p><strong><em>\u2013 Des cookies propri\u00e9taires\u00a0:<\/em><\/strong><em> Il s\u2019agit de cookies envoy\u00e9s \u00e0 l\u2019\u00e9quipement terminal de l\u2019utilisateur depuis un ordinateur ou un domaine g\u00e9r\u00e9 par DEOLEO, qui fournit le service demand\u00e9 par l\u2019utilisateur. <\/em><\/p>\n<p><strong><em>\u2013 Cookies tiers\u00a0:<\/em><\/strong><em> Il s\u2019agit de cookies envoy\u00e9s \u00e0 l\u2019\u00e9quipement terminal de l\u2019utilisateur depuis un ordinateur ou un domaine qui n\u2019est pas g\u00e9r\u00e9 par DEOLEO, mais par une autre entit\u00e9 qui traite les donn\u00e9es obtenues par les cookies. Dans le cas o\u00f9 les cookies sont install\u00e9s \u00e0 partir d\u2019un ordinateur ou d\u2019un domaine g\u00e9r\u00e9 par DEOLEO mais que, cependant, les informations recueillies par ceux-ci sont g\u00e9r\u00e9es par un tiers, ils ne peuvent pas \u00eatre consid\u00e9r\u00e9s comme des cookies propri\u00e9taires de DEOLEO. Dans ce sens, DEOLEO peut retenir les services d\u2019entreprises de collecte et d\u2019analyse de donn\u00e9es qui mesurent et\/ou analysent le comportement de navigation des utilisateurs sur la Plateforme, et qui, dans ce sens, agissent en leur propre nom, au moyen de l\u2019analyse des donn\u00e9es obtenues par les tiers en utilisant ces cookies. Tout ceci dans le seul but d\u2019am\u00e9liorer le service fourni par DEOLEO.\u00a0 <\/em><\/p>\n<p><strong><em>2.2. \u00a0\u00a0\u00a0\u00a0\u00a0 En fonction de la dur\u00e9e pendant laquelle les cookies restent actifs dans le terminal informatique (dur\u00e9e de vie), nous pouvons identifier\u00a0: <\/em><\/strong><\/p>\n<p>&nbsp;<\/p>\n<p><strong><em>\u2013 Cookies temporaires\u00a0:<\/em><\/strong> <em>cookies con\u00e7us pour recueillir et stocker des donn\u00e9es pendant que l\u2019utilisateur acc\u00e8de \u00e0 la Plateforme\u00a0; <\/em><\/p>\n<p><strong><em>\u2013 Cookies persistants\u00a0:<\/em><\/strong><em> cookies dans lesquels les donn\u00e9es restent stock\u00e9es dans le terminal et qui peuvent \u00eatre consult\u00e9s et trait\u00e9s pendant une p\u00e9riode d\u00e9finie par le responsable du cookie, et qui peut durer de quelques minutes \u00e0 plusieurs ann\u00e9es. <\/em><\/p>\n<p><strong><em>2.3. \u00a0\u00a0\u00a0\u00a0\u00a0 En fonction de la finalit\u00e9 du traitement des donn\u00e9es obtenues par les cookies, nous pouvons identifier\u00a0:<\/em><\/strong><\/p>\n<p><strong><em>\u00a0<\/em><\/strong><\/p>\n<p><strong><em>\u2013 Cookies techniques\u00a0:<\/em><\/strong><em> il s\u2019agit de cookies qui permettent \u00e0 l\u2019utilisateur de naviguer sur la Plateforme et d\u2019utiliser les diff\u00e9rentes options ou services qui y existent, comme, par exemple, pour contr\u00f4ler l\u2019\u00e9change et la transmission de donn\u00e9es, pour identifier la session, pour acc\u00e9der \u00e0 des zones \u00e0 acc\u00e8s restreint, pour rappeler les informations qui composent une demande, pour effectuer une demande d\u2019inscription ou une demande de participation \u00e0 un \u00e9v\u00e9nement, pour utiliser des fonctions de s\u00e9curit\u00e9 pendant la navigation, pour stocker des contenus pour le partage de vid\u00e9os ou de sons, ou pour partager des contenus sur les r\u00e9seaux sociaux.<\/em><\/p>\n<p><strong><em>\u2013 Cookies de personnalisation\u00a0:<\/em><\/strong><em> il s\u2019agit de cookies qui permettent \u00e0 l\u2019utilisateur d\u2019acc\u00e9der au service avec certaines caract\u00e9ristiques g\u00e9n\u00e9rales pr\u00e9d\u00e9finies bas\u00e9es sur une s\u00e9rie de crit\u00e8res du terminal de l\u2019utilisateur, tels que la langue, le type de navigateur \u00e0 travers lequel l\u2019utilisateur acc\u00e8de au service, et la configuration r\u00e9gionale depuis laquelle on acc\u00e8de au service, entre autres. <\/em><\/p>\n<p><strong><em>\u2013 Cookies analytiques\u00a0:<\/em><\/strong> <em>il s\u2019agit de cookies qui permettent au processeur de cookies de suivre et d\u2019analyser le comportement des utilisateurs des sites web li\u00e9s. Les informations recueillies par ces cookies sont utilis\u00e9es pour mesurer l\u2019activit\u00e9 sur la Plateforme et pour cr\u00e9er des profils de navigation pour les utilisateurs de ces sites, applications et plateformes, dans le but d\u2019introduire des am\u00e9liorations bas\u00e9es sur l\u2019analyse des donn\u00e9es d\u2019utilisation des utilisateurs du service.<\/em><\/p>\n<p><strong><em>\u2013 Cookies publicitaires\u00a0:<\/em><\/strong> <em>il s\u2019agit de cookies qui permettent, de la mani\u00e8re la plus efficace possible, la gestion des espaces publicitaires qui, le cas \u00e9ch\u00e9ant, ont \u00e9t\u00e9 inclus par l\u2019\u00e9diteur dans une page web, une application ou une plateforme \u00e0 partir de laquelle le service demand\u00e9 est fourni, sur la base de crit\u00e8res tels que le contenu \u00e9dit\u00e9 ou la fr\u00e9quence de diffusion des annonces.<\/em><\/p>\n<p><strong><em>\u2013 Cookies de publicit\u00e9 comportementale\u00a0:<\/em><\/strong><em> il s\u2019agit de cookies qui permettent de g\u00e9rer, de la mani\u00e8re la plus efficace possible, les espaces publicitaires qui, le cas \u00e9ch\u00e9ant, ont \u00e9t\u00e9 inclus par l\u2019\u00e9diteur dans une page web, une application ou une plateforme \u00e0 partir de laquelle le service demand\u00e9 est fourni. Ces cookies stockent des informations sur le comportement des utilisateurs obtenues par l\u2019observation continue de leurs habitudes de navigation, ce qui permet de d\u00e9velopper un profil sp\u00e9cifique pour afficher des publicit\u00e9s bas\u00e9es sur celui-ci. <\/em><\/p>\n<ol start=\"3\">\n<li><strong><em>QUELS COOKIES UTILISONS-NOUS SUR LA PLATEFORME\u00a0?<\/em><\/strong><\/li>\n<\/ol>\n<p>&nbsp;<\/p>\n<p>Comme indiqu\u00e9 ci-dessous, les cookies qui sont utilis\u00e9s par la Plateforme peuvent \u00eatre des cookies propri\u00e9taire ou tiers, des cookies temporaires ou persistants, ainsi que des cookies techniques et analytiques.<\/p>\n<p>Ce qui suit est un tableau r\u00e9capitulatif informatif des cookies sp\u00e9cifiques utilis\u00e9s ou servis par DEOLEO, \u00e0 ce jour, sur la Plateforme\u00a0:<\/p>\n<div class=\"cky-audit-table-element\">\n<h5>N\u00e9cessaire<\/h5>\n<div id=\"cky-table-wrapper-necessary\" class=\"cky-table-wrapper\">\n<table id=\"cky-anywhere-cookie-audit-table-necessary\" class=\"cky-cookie-audit-table\">\n<thead>\n<tr>\n<th>Cookie<\/th>\n<th>Type<\/th>\n<th>dur\u00e9e<\/th>\n<th>la description<\/th>\n<\/tr>\n<\/thead>\n<tbody>\n<tr>\n<td>_GRECAPTCHA<\/td>\n<td>https<\/td>\n<td>5 months 27 days<\/td>\n<td>This cookie is set by Google. In addition to certain standard Google cookies, reCAPTCHA sets a necessary cookie (_GRECAPTCHA) when executed for the purpose of providing its risk analysis.<\/td>\n<\/tr>\n<\/tbody>\n<\/table>\n<\/div>\n<h5>Analytique<\/h5>\n<div id=\"cky-table-wrapper-analytics\" class=\"cky-table-wrapper\">\n<table id=\"cky-anywhere-cookie-audit-table-analytics\" class=\"cky-cookie-audit-table\">\n<thead>\n<tr>\n<th>Cookie<\/th>\n<th>Type<\/th>\n<th>dur\u00e9e<\/th>\n<th>la description<\/th>\n<\/tr>\n<\/thead>\n<tbody>\n<tr>\n<td>_ga<\/td>\n<td>https<\/td>\n<td>2 years<\/td>\n<td>This cookie is installed by Google Analytics. The cookie is used to calculate visitor, session, campaign data and keep track of site usage for the site&rsquo;s analytics report. The cookies store information anonymously and assign a randomly generated number to identify unique visitors.<\/td>\n<\/tr>\n<tr>\n<td>_gid<\/td>\n<td>https<\/td>\n<td>1 day<\/td>\n<td>This cookie is installed by Google Analytics. The cookie is used to store information of how visitors use a website and helps in creating an analytics report of how the website is doing. The data collected including the number visitors, the source where they have come from, and the pages visted in an anonymous form.<\/td>\n<\/tr>\n<tr>\n<td>_gat_UA-139315187-1<\/td>\n<td>https<\/td>\n<td>1 minute<\/td>\n<td>This is a pattern type cookie set by Google Analytics, where the pattern element on the name contains the unique identity number of the account or website it relates to. It appears to be a variation of the _gat cookie which is used to limit the amount of data recorded by Google on high traffic volume websites.<\/td>\n<\/tr>\n<tr>\n<td>_gat_UA-160822792-5<\/td>\n<td>https<\/td>\n<td>1 minute<\/td>\n<td>This is a pattern type cookie set by Google Analytics, where the pattern element on the name contains the unique identity number of the account or website it relates to. It appears to be a variation of the _gat cookie which is used to limit the amount of data recorded by Google on high traffic volume websites.<\/td>\n<\/tr>\n<\/tbody>\n<\/table>\n<\/div>\n<\/div>\n<p>&nbsp;<\/p>\n<ol start=\"4\">\n<li><strong><em>GESTION, ACCEPTATION ET CONFIGURATION DES COOKIES.<\/em><\/strong><\/li>\n<\/ol>\n<p>&nbsp;<\/p>\n<p>Les cookies ne seront install\u00e9s dans le dispositif de l\u2019utilisateur qu\u2019apr\u00e8s son consentement explicite, obtenu \u00e0 travers le bandeau de demande d\u2019acceptation des cookies du site web. De m\u00eame, l\u2019utilisateur peut, \u00e0 tout moment, d\u00e9sactiver les cookies install\u00e9s sur son appareil via le panneau de param\u00e9trage accessible en permanence sur le site web. Nous fournissons ci-dessous des liens vers les principaux navigateurs web du march\u00e9, o\u00f9 vous pouvez consulter la mani\u00e8re de modifier les param\u00e8tres des cookies\u00a0:<\/p>\n<ul>\n<li><a href=\"http:\/\/support.google.com\/chrome\/answer\/95647?hl=en\">Google Chrome\u00a0<\/a><\/li>\n<li><a href=\"https:\/\/support.mozilla.org\/en-US\/kb\/enable-and-disable-cookies-website-preferences\">Mozilla Firefox\u00a0<\/a><\/li>\n<li><a href=\"http:\/\/windows.microsoft.com\/en-us\/windows-vista\/block-or-allow-cookies\">Internet Explorer\u00a0<\/a><\/li>\n<li><a href=\"http:\/\/support.apple.com\/kb\/ph5042?viewlocale=us_en&amp;locale=us_en\">Safari\u00a0<\/a><\/li>\n<li><a href=\"http:\/\/help.opera.com\/Windows\/12.10\/en\/cookies.html\">Opera\u00a0<\/a><\/li>\n<li><a href=\"http:\/\/www.windowsphone.com\/en-us\/how-to\/wp8\/apps\/change-privacy-and-other-browser-settings\">Internet Explorer (Windows Phone)\u00a0<\/a><\/li>\n<li><a href=\"http:\/\/support.apple.com\/kb\/ht1677?viewlocale=en_en\">Safari for iOS (iPhone and iPad)\u00a0<\/a><\/li>\n<li><a href=\"http:\/\/support.google.com\/chrome\/answer\/2392971?hl=en\">Chrome for Android\u00a0<\/a><\/li>\n<\/ul>\n<p>&nbsp;<\/p>\n<p>En outre, vous pouvez \u00e9galement g\u00e9rer le stockage des cookies dans votre navigateur gr\u00e2ce \u00e0 des outils tels que ceux qui suivent\u00a0:<\/p>\n<ul>\n<li>Ghostery\u00a0: <a href=\"http:\/\/www.ghostery.com\/\">ghostery.com\/<\/a><\/li>\n<li>Your online choices\u00a0: <a href=\"http:\/\/www.youronlinechoices.com\/\">youronlinechoices.com\/<\/a><\/li>\n<\/ul>\n<p>&nbsp;<\/p>\n<p>&nbsp;<\/p>\n<ol start=\"5\">\n<li><strong><em>VALIDIT\u00c9 ET MODIFICATION DE LA POLITIQUE EN MATI\u00c8RE DE COOKIES<\/em><\/strong><\/li>\n<\/ol>\n<p>Derni\u00e8re mise \u00e0 jour de cette politique en mati\u00e8re de cookies\u00a0: 31 mars 2021.<\/p>\n<p>DEOLEO se r\u00e9serve le droit de modifier cette politique conform\u00e9ment aux exigences l\u00e9gislatives et r\u00e9glementaires ou afin d\u2019adapter cette politique aux instructions donn\u00e9es par l\u2019autorit\u00e9 de contr\u00f4le principale comp\u00e9tente.<\/p>\n<p><strong><em>\u00a0<\/em><\/strong><\/p>\n<ol start=\"6\">\n<li><strong><em>SOUHAITEZ-VOUS NOUS CONTACTER\u00a0? <\/em><\/strong><\/li>\n<\/ol>\n<p>&nbsp;<\/p>\n<p>Si vous avez des questions ou des suggestions concernant cette Politique en mati\u00e8re de cookies que vous souhaitez nous soumettre, n\u2019h\u00e9sitez pas \u00e0 nous contacter \u00e0 l\u2019adresse suivante\u00a0: <a href=\"mailto:rgpd@deoleo.com\"><em>rgpd@deoleo.com<\/em><\/a><em>.<\/em><\/p>\n<p>&nbsp;<\/p>\n","protected":false},"excerpt":{"rendered":"<p>Politique en mati\u00e8re de cookies Vous trouverez ci-dessous notre politique en mati\u00e8re de cookies (ci-apr\u00e8s, \u00ab\u00a0politique en mati\u00e8re de cookies\u00a0\u00bb ou \u00ab\u00a0politique\u00a0\u00bb) qui r\u00e9git la plateforme web https:\/\/carapelli.be\/\u00a0 (ci-apr\u00e8s, \u00ab\u00a0la Plateforme\u00a0\u00bb), propri\u00e9t\u00e9 de DEOLEO GLOBAL, S.A.U. (ci-apr\u00e8s, \u00ab\u00a0DEOLEO\u00a0\u00bb ou \u00ab\u00a0nous\u00a0\u00bb), Soci\u00e9t\u00e9 dont le si\u00e8ge principal est fix\u00e9 \u00e0 Rivas-Vaciamadrid (Madrid), calle Marie Curie, 7, Edificio [&hellip;]<\/p>\n","protected":false},"author":2,"featured_media":0,"parent":0,"menu_order":0,"comment_status":"closed","ping_status":"closed","template":"page-templates\/legales.php","meta":{"_acf_changed":false,"inline_featured_image":false,"footnotes":""},"categories":[],"tags":[],"class_list":["post-5062","page","type-page","status-publish","hentry"],"acf":[],"_links":{"self":[{"href":"https:\/\/carapelli.be\/fr\/wp-json\/wp\/v2\/pages\/5062","targetHints":{"allow":["GET"]}}],"collection":[{"href":"https:\/\/carapelli.be\/fr\/wp-json\/wp\/v2\/pages"}],"about":[{"href":"https:\/\/carapelli.be\/fr\/wp-json\/wp\/v2\/types\/page"}],"author":[{"embeddable":true,"href":"https:\/\/carapelli.be\/fr\/wp-json\/wp\/v2\/users\/2"}],"replies":[{"embeddable":true,"href":"https:\/\/carapelli.be\/fr\/wp-json\/wp\/v2\/comments?post=5062"}],"version-history":[{"count":3,"href":"https:\/\/carapelli.be\/fr\/wp-json\/wp\/v2\/pages\/5062\/revisions"}],"predecessor-version":[{"id":5159,"href":"https:\/\/carapelli.be\/fr\/wp-json\/wp\/v2\/pages\/5062\/revisions\/5159"}],"wp:attachment":[{"href":"https:\/\/carapelli.be\/fr\/wp-json\/wp\/v2\/media?parent=5062"}],"wp:term":[{"taxonomy":"category","embeddable":true,"href":"https:\/\/carapelli.be\/fr\/wp-json\/wp\/v2\/categories?post=5062"},{"taxonomy":"post_tag","embeddable":true,"href":"https:\/\/carapelli.be\/fr\/wp-json\/wp\/v2\/tags?post=5062"}],"curies":[{"name":"wp","href":"https:\/\/api.w.org\/{rel}","templated":true}]}}